{"id":272,"date":"2023-12-07T14:13:11","date_gmt":"2023-12-07T13:13:11","guid":{"rendered":"https:\/\/atvport.pl\/?page_id=272"},"modified":"2024-04-18T16:09:26","modified_gmt":"2024-04-18T14:09:26","slug":"akcesoria","status":"publish","type":"page","link":"https:\/\/atvport.pl\/index.php\/akcesoria\/","title":{"rendered":"Akcesoria"},"content":{"rendered":"\t\t<div data-elementor-type=\"wp-page\" data-elementor-id=\"272\" class=\"elementor elementor-272\" data-elementor-post-type=\"page\">\n\t\t\t\t\t\t<section data-particle_enable=\"false\" data-particle-mobile-disabled=\"false\" class=\"elementor-section elementor-top-section elementor-element elementor-element-a16b013 elementor-section-boxed elementor-section-height-default elementor-section-height-default\" data-id=\"a16b013\" data-element_type=\"section\" data-settings=\"{&quot;background_background&quot;:&quot;classic&quot;,&quot;ekit_has_onepagescroll_dot&quot;:&quot;yes&quot;}\">\n\t\t\t\t\t\t<div class=\"elementor-container elementor-column-gap-default\">\n\t\t\t\t\t<div class=\"elementor-column elementor-col-100 elementor-top-column elementor-element elementor-element-ec94a05\" data-id=\"ec94a05\" data-element_type=\"column\">\n\t\t\t<div class=\"elementor-widget-wrap elementor-element-populated\">\n\t\t\t\t\t\t<div class=\"elementor-element elementor-element-21ea663 elementor-widget elementor-widget-elementskit-breadcrumb\" data-id=\"21ea663\" data-element_type=\"widget\" data-settings=\"{&quot;ekit_we_effect_on&quot;:&quot;none&quot;}\" data-widget_type=\"elementskit-breadcrumb.default\">\n\t\t\t\t<div class=\"elementor-widget-container\">\n\t\t\t\t\t<div class=\"ekit-wid-con\" ><ol class=\"ekit-breadcrumb\"><li class=\"ekit_breadcrumbs_start\"><a href=\"https:\/\/atvport.pl\">Home<\/a><\/li><\/ol><\/div>\t\t\t\t<\/div>\n\t\t\t\t<\/div>\n\t\t\t\t\t<\/div>\n\t\t<\/div>\n\t\t\t\t\t<\/div>\n\t\t<\/section>\n\t\t\t\t<section data-particle_enable=\"false\" data-particle-mobile-disabled=\"false\" class=\"elementor-section elementor-top-section elementor-element elementor-element-21fbe41 elementor-section-boxed elementor-section-height-default elementor-section-height-default\" data-id=\"21fbe41\" data-element_type=\"section\" data-settings=\"{&quot;ekit_has_onepagescroll_dot&quot;:&quot;yes&quot;}\">\n\t\t\t\t\t\t<div class=\"elementor-container elementor-column-gap-default\">\n\t\t\t\t\t<div class=\"elementor-column elementor-col-100 elementor-top-column elementor-element elementor-element-1255367\" data-id=\"1255367\" data-element_type=\"column\">\n\t\t\t<div class=\"elementor-widget-wrap elementor-element-populated\">\n\t\t\t\t\t\t<div class=\"elementor-element elementor-element-3afc901 elementor-invisible elementor-widget elementor-widget-heading\" data-id=\"3afc901\" data-element_type=\"widget\" data-settings=\"{&quot;_animation&quot;:&quot;fadeInLeft&quot;,&quot;ekit_we_effect_on&quot;:&quot;none&quot;}\" data-widget_type=\"heading.default\">\n\t\t\t\t<div class=\"elementor-widget-container\">\n\t\t\t\t\t<h2 class=\"elementor-heading-title elementor-size-default\">Wszystko czego potrzebujesz <\/h2>\t\t\t\t<\/div>\n\t\t\t\t<\/div>\n\t\t\t\t<div class=\"elementor-element elementor-element-a20c871 elementor-invisible elementor-widget elementor-widget-text-editor\" data-id=\"a20c871\" data-element_type=\"widget\" data-settings=\"{&quot;_animation&quot;:&quot;fadeInLeft&quot;,&quot;ekit_we_effect_on&quot;:&quot;none&quot;}\" data-widget_type=\"text-editor.default\">\n\t\t\t\t<div class=\"elementor-widget-container\">\n\t\t\t\t\t\t\t\t\t<p class=\"p1\">W naszym sklepie z akcesoriami do quad\u00f3w ATVport znajdziesz wszystko, co potrzebujesz, aby dostosowa\u0107 sw\u00f3j quad do w\u0142asnych preferencji i stworzy\u0107 niepowtarzalne do\u015bwiadczenie jazdy. Zapraszamy do odkrywania naszego asortymentu.<\/p>\t\t\t\t\t\t\t\t<\/div>\n\t\t\t\t<\/div>\n\t\t\t\t\t<\/div>\n\t\t<\/div>\n\t\t\t\t\t<\/div>\n\t\t<\/section>\n\t\t\t\t<section data-particle_enable=\"false\" data-particle-mobile-disabled=\"false\" class=\"elementor-section elementor-top-section elementor-element elementor-element-ea7b30e elementor-section-boxed elementor-section-height-default elementor-section-height-default\" data-id=\"ea7b30e\" data-element_type=\"section\" data-settings=\"{&quot;ekit_has_onepagescroll_dot&quot;:&quot;yes&quot;}\">\n\t\t\t\t\t\t<div class=\"elementor-container elementor-column-gap-default\">\n\t\t\t\t\t<div class=\"elementor-column elementor-col-100 elementor-top-column elementor-element elementor-element-ab75f32\" data-id=\"ab75f32\" data-element_type=\"column\">\n\t\t\t<div class=\"elementor-widget-wrap elementor-element-populated\">\n\t\t\t\t\t\t<div class=\"elementor-element elementor-element-78c8318 elementor-invisible elementor-widget elementor-widget-eael-feature-list\" data-id=\"78c8318\" data-element_type=\"widget\" data-settings=\"{&quot;_animation&quot;:&quot;fadeIn&quot;,&quot;ekit_we_effect_on&quot;:&quot;none&quot;}\" data-widget_type=\"eael-feature-list.default\">\n\t\t\t\t<div class=\"elementor-widget-container\">\n\t\t\t\t\t\t\t<div class=\"-icon-position-left -tablet-icon-position-left -mobile-icon-position-left\">\n\t\t\t<ul id=\"eael-feature-list-78c8318\" class=\"eael-feature-list-items circle stacked  eael-feature-list-vertical\" data-layout-tablet=\"vertical\" data-layout-mobile=\"vertical\">\n\t\t\t                <li class=\"eael-feature-list-item elementor-repeater-item-8f97c3e\">\n                    \n\t\t\t\t\t\t<div class=\"eael-feature-list-icon-box\">\n\t\t\t\t\t\t\t<div class=\"eael-feature-list-icon-inner\">\n\n\t\t\t\t\t\t\t\t<span class=\"eael-feature-list-icon fl-icon-0\">\n\n\t\t<i aria-hidden=\"true\" class=\"icon icon-tools\"><\/i>\t\t\t\t\t\t\t\t<\/span>\n\t\t\t\t\t\t\t<\/div>\n\t\t\t\t\t\t<\/div>\n\t\t\t\t\t\t<div class=\"eael-feature-list-content-box\">\n                            <h2 class=\"eael-feature-list-title\">Cz\u0119\u015bci Tuningowe:<\/h2>\t\t\t\t\t\t<p class=\"eael-feature-list-content\">Dostarczamy wysokiej jako\u015bci cz\u0119\u015bci tuningowe, kt\u00f3re pozwol\u0105 dostosowa\u0107 moc i osi\u0105gi Twojego quada. Odkryj mo\u017cliwo\u015bci personalizacji, aby stworzy\u0107 pojazd dostosowany do Twoich indywidualnych potrzeb.<\/p>\n\t\t\t\t\t\t<\/div>\n\n\t\t\t\t\t<\/li>\n\t\t\t\t                <li class=\"eael-feature-list-item elementor-repeater-item-d9e188a\">\n                    \n\t\t\t\t\t\t<div class=\"eael-feature-list-icon-box\">\n\t\t\t\t\t\t\t<div class=\"eael-feature-list-icon-inner\">\n\n\t\t\t\t\t\t\t\t<span class=\"eael-feature-list-icon fl-icon-1\">\n\n\t\t<i aria-hidden=\"true\" class=\"icon icon-Helmet\"><\/i>\t\t\t\t\t\t\t\t<\/span>\n\t\t\t\t\t\t\t<\/div>\n\t\t\t\t\t\t<\/div>\n\t\t\t\t\t\t<div class=\"eael-feature-list-content-box\">\n                            <h2 class=\"eael-feature-list-title\"> Wyposa\u017cenie Ochronne:\u2028<\/h2>\t\t\t\t\t\t<p class=\"eael-feature-list-content\">Bezpiecze\u0144stwo jest priorytetem. Oferujemy szeroki wyb\u00f3r kask\u00f3w, ochraniaczy, gogli oraz ubra\u0144 ochronnych, aby zapewni\u0107 Ci maksymalne bezpiecze\u0144stwo podczas jazdy.<\/p>\n\t\t\t\t\t\t<\/div>\n\n\t\t\t\t\t<\/li>\n\t\t\t\t                <li class=\"eael-feature-list-item elementor-repeater-item-1be6309\">\n                    \n\t\t\t\t\t\t<div class=\"eael-feature-list-icon-box\">\n\t\t\t\t\t\t\t<div class=\"eael-feature-list-icon-inner\">\n\n\t\t\t\t\t\t\t\t<span class=\"eael-feature-list-icon fl-icon-2\">\n\n\t\t<i aria-hidden=\"true\" class=\"icon icon-shopping-bag-2\"><\/i>\t\t\t\t\t\t\t\t<\/span>\n\t\t\t\t\t\t\t<\/div>\n\t\t\t\t\t\t<\/div>\n\t\t\t\t\t\t<div class=\"eael-feature-list-content-box\">\n                            <h2 class=\"eael-feature-list-title\">Baga\u017ce i Torby Quadowe:\u2028<\/h2>\t\t\t\t\t\t<p class=\"eael-feature-list-content\">Przygotuj si\u0119 na ka\u017cd\u0105 przygod\u0119! Nasze baga\u017ce i torby quadowe pomog\u0105 Ci zabra\u0107 ze sob\u0105 wszystko, co niezb\u0119dne, niezale\u017cnie od tego, czy planujesz kr\u00f3tk\u0105 przeja\u017cd\u017ck\u0119, czy d\u0142u\u017csz\u0105 wypraw\u0119.<\/p>\n\t\t\t\t\t\t<\/div>\n\n\t\t\t\t\t<\/li>\n\t\t\t\t                <li class=\"eael-feature-list-item elementor-repeater-item-9c1a40f\">\n                    \n\t\t\t\t\t\t<div class=\"eael-feature-list-icon-box\">\n\t\t\t\t\t\t\t<div class=\"eael-feature-list-icon-inner\">\n\n\t\t\t\t\t\t\t\t<span class=\"eael-feature-list-icon fl-icon-3\">\n\n\t\t<i aria-hidden=\"true\" class=\"icon icon-idea\"><\/i>\t\t\t\t\t\t\t\t<\/span>\n\t\t\t\t\t\t\t<\/div>\n\t\t\t\t\t\t<\/div>\n\t\t\t\t\t\t<div class=\"eael-feature-list-content-box\">\n                            <h2 class=\"eael-feature-list-title\">O\u015bwietlenie LED:<\/h2>\t\t\t\t\t\t<p class=\"eael-feature-list-content\">\u2028Podkre\u015bl styl swojego quada i zwi\u0119ksz widoczno\u015b\u0107 noc\u0105 dzi\u0119ki naszym systemom o\u015bwietlenia LED. Dost\u0119pne w r\u00f3\u017cnych kolorach i konfiguracjach.<\/p>\n\t\t\t\t\t\t<\/div>\n\n\t\t\t\t\t<\/li>\n\t\t\t\t                <li class=\"eael-feature-list-item elementor-repeater-item-ff97004\">\n                    \n\t\t\t\t\t\t<div class=\"eael-feature-list-icon-box\">\n\t\t\t\t\t\t\t<div class=\"eael-feature-list-icon-inner\">\n\n\t\t\t\t\t\t\t\t<span class=\"eael-feature-list-icon fl-icon-4\">\n\n\t\t<i aria-hidden=\"true\" class=\"icon icon-video-player\"><\/i>\t\t\t\t\t\t\t\t<\/span>\n\t\t\t\t\t\t\t<\/div>\n\t\t\t\t\t\t<\/div>\n\t\t\t\t\t\t<div class=\"eael-feature-list-content-box\">\n                            <h2 class=\"eael-feature-list-title\">Elektronika i Nawigacja:\u2028<\/h2>\t\t\t\t\t\t<p class=\"eael-feature-list-content\">Znajd\u017a elektronik\u0119, kt\u00f3ra uczyni Twoje do\u015bwiadczenie jazdy bardziej zaawansowanym. Nawigacje, interkomy, systemy audio - wszystko, co sprawi, \u017ce Twoje przygody na quadzie b\u0119d\u0105 jeszcze bardziej fascynuj\u0105ce.<\/p>\n\t\t\t\t\t\t<\/div>\n\n\t\t\t\t\t<\/li>\n\t\t\t\t                <li class=\"eael-feature-list-item elementor-repeater-item-f160592\">\n                    \n\t\t\t\t\t\t<div class=\"eael-feature-list-icon-box\">\n\t\t\t\t\t\t\t<div class=\"eael-feature-list-icon-inner\">\n\n\t\t\t\t\t\t\t\t<span class=\"eael-feature-list-icon fl-icon-5\">\n\n\t\t<svg aria-hidden=\"true\" class=\"e-font-icon-svg e-fas-spray-can\" viewBox=\"0 0 512 512\" xmlns=\"http:\/\/www.w3.org\/2000\/svg\"><path d=\"M224 32c0-17.67-14.33-32-32-32h-64c-17.67 0-32 14.33-32 32v96h128V32zm256 96c-17.67 0-32 14.33-32 32s14.33 32 32 32 32-14.33 32-32-14.33-32-32-32zm-256 32H96c-53.02 0-96 42.98-96 96v224c0 17.67 14.33 32 32 32h256c17.67 0 32-14.33 32-32V256c0-53.02-42.98-96-96-96zm-64 256c-44.18 0-80-35.82-80-80s35.82-80 80-80 80 35.82 80 80-35.82 80-80 80zM480 96c17.67 0 32-14.33 32-32s-14.33-32-32-32-32 14.33-32 32 14.33 32 32 32zm-96 32c-17.67 0-32 14.33-32 32s14.33 32 32 32 32-14.33 32-32-14.33-32-32-32zm-96-96c-17.67 0-32 14.33-32 32s14.33 32 32 32 32-14.33 32-32-14.33-32-32-32zm96 0c-17.67 0-32 14.33-32 32s14.33 32 32 32 32-14.33 32-32-14.33-32-32-32zm96 192c-17.67 0-32 14.33-32 32s14.33 32 32 32 32-14.33 32-32-14.33-32-32-32z\"><\/path><\/svg>\t\t\t\t\t\t\t\t<\/span>\n\t\t\t\t\t\t\t<\/div>\n\t\t\t\t\t\t<\/div>\n\t\t\t\t\t\t<div class=\"eael-feature-list-content-box\">\n                            <h2 class=\"eael-feature-list-title\">Akcesoria Do Piel\u0119gnacji:\u2028<\/h2>\t\t\t\t\t\t<p class=\"eael-feature-list-content\">Dbaj o sw\u00f3j quad jak profesjonalista. W naszym sklepie znajdziesz akcesoria do piel\u0119gnacji, oleje, smary oraz narz\u0119dzia, kt\u00f3re pomog\u0105 utrzyma\u0107 Tw\u00f3j quad w doskona\u0142ej kondycji.<\/p>\n\t\t\t\t\t\t<\/div>\n\n\t\t\t\t\t<\/li>\n\t\t\t\t                <li class=\"eael-feature-list-item elementor-repeater-item-7dc6ed8\">\n                    \n\t\t\t\t\t\t<div class=\"eael-feature-list-icon-box\">\n\t\t\t\t\t\t\t<div class=\"eael-feature-list-icon-inner\">\n\n\t\t\t\t\t\t\t\t<span class=\"eael-feature-list-icon fl-icon-6\">\n\n\t\t<i aria-hidden=\"true\" class=\"icon icon-save-money\"><\/i>\t\t\t\t\t\t\t\t<\/span>\n\t\t\t\t\t\t\t<\/div>\n\t\t\t\t\t\t<\/div>\n\t\t\t\t\t\t<div class=\"eael-feature-list-content-box\">\n                            <h2 class=\"eael-feature-list-title\">Promocje i Rabaty:\u2028<\/h2>\t\t\t\t\t\t<p class=\"eael-feature-list-content\">Sprawd\u017a nasze aktualne promocje i rabaty, aby maksymalnie skorzysta\u0107 z zakup\u00f3w akcesori\u00f3w do quada. Oferujemy atrakcyjne ceny i specjalne oferty dla naszych klient\u00f3w.<\/p>\n\t\t\t\t\t\t<\/div>\n\n\t\t\t\t\t<\/li>\n\t\t\t\t\t\t\t<\/ul>\n\t\t<\/div>\n\t\t\t\t\t\t<\/div>\n\t\t\t\t<\/div>\n\t\t\t\t\t<\/div>\n\t\t<\/div>\n\t\t\t\t\t<\/div>\n\t\t<\/section>\n\t\t\t\t<section data-particle_enable=\"false\" data-particle-mobile-disabled=\"false\" class=\"elementor-section elementor-top-section elementor-element elementor-element-45bc20b elementor-section-boxed elementor-section-height-default elementor-section-height-default\" data-id=\"45bc20b\" data-element_type=\"section\" data-settings=\"{&quot;ekit_has_onepagescroll_dot&quot;:&quot;yes&quot;}\">\n\t\t\t\t\t\t<div class=\"elementor-container elementor-column-gap-default\">\n\t\t\t\t\t<div class=\"elementor-column elementor-col-100 elementor-top-column elementor-element elementor-element-14232f1\" data-id=\"14232f1\" data-element_type=\"column\">\n\t\t\t<div class=\"elementor-widget-wrap elementor-element-populated\">\n\t\t\t\t\t\t<div class=\"elementor-element elementor-element-8ffcd28 elementor-widget elementor-widget-spacer\" data-id=\"8ffcd28\" data-element_type=\"widget\" data-settings=\"{&quot;ekit_we_effect_on&quot;:&quot;none&quot;}\" data-widget_type=\"spacer.default\">\n\t\t\t\t<div class=\"elementor-widget-container\">\n\t\t\t\t\t\t\t<div class=\"elementor-spacer\">\n\t\t\t<div class=\"elementor-spacer-inner\"><\/div>\n\t\t<\/div>\n\t\t\t\t\t\t<\/div>\n\t\t\t\t<\/div>\n\t\t\t\t\t<\/div>\n\t\t<\/div>\n\t\t\t\t\t<\/div>\n\t\t<\/section>\n\t\t\t\t<\/div>\n\t\t","protected":false},"excerpt":{"rendered":"<p>Home Wszystko czego potrzebujesz W naszym sklepie z akcesoriami do quad\u00f3w ATVport znajdziesz wszystko, co potrzebujesz, aby dostosowa\u0107 sw\u00f3j quad do w\u0142asnych preferencji i stworzy\u0107 niepowtarzalne do\u015bwiadczenie jazdy. Zapraszamy do odkrywania naszego asortymentu. Cz\u0119\u015bci Tuningowe: Dostarczamy wysokiej jako\u015bci cz\u0119\u015bci tuningowe, kt\u00f3re pozwol\u0105 dostosowa\u0107 moc i osi\u0105gi Twojego quada. Odkryj mo\u017cliwo\u015bci personalizacji, aby stworzy\u0107 pojazd dostosowany [&hellip;]<\/p>\n","protected":false},"author":1,"featured_media":0,"parent":0,"menu_order":0,"comment_status":"closed","ping_status":"closed","template":"elementor_header_footer","meta":{"footnotes":""},"class_list":["post-272","page","type-page","status-publish","hentry"],"_links":{"self":[{"href":"https:\/\/atvport.pl\/index.php\/wp-json\/wp\/v2\/pages\/272","targetHints":{"allow":["GET"]}}],"collection":[{"href":"https:\/\/atvport.pl\/index.php\/wp-json\/wp\/v2\/pages"}],"about":[{"href":"https:\/\/atvport.pl\/index.php\/wp-json\/wp\/v2\/types\/page"}],"author":[{"embeddable":true,"href":"https:\/\/atvport.pl\/index.php\/wp-json\/wp\/v2\/users\/1"}],"replies":[{"embeddable":true,"href":"https:\/\/atvport.pl\/index.php\/wp-json\/wp\/v2\/comments?post=272"}],"version-history":[{"count":13,"href":"https:\/\/atvport.pl\/index.php\/wp-json\/wp\/v2\/pages\/272\/revisions"}],"predecessor-version":[{"id":623,"href":"https:\/\/atvport.pl\/index.php\/wp-json\/wp\/v2\/pages\/272\/revisions\/623"}],"wp:attachment":[{"href":"https:\/\/atvport.pl\/index.php\/wp-json\/wp\/v2\/media?parent=272"}],"curies":[{"name":"wp","href":"https:\/\/api.w.org\/{rel}","templated":true}]}}