{"id":302,"date":"2023-12-07T14:44:44","date_gmt":"2023-12-07T13:44:44","guid":{"rendered":"https:\/\/atvport.pl\/?page_id=302"},"modified":"2024-04-18T16:13:07","modified_gmt":"2024-04-18T14:13:07","slug":"finansowanie","status":"publish","type":"page","link":"https:\/\/atvport.pl\/index.php\/finansowanie\/","title":{"rendered":"Finansowanie"},"content":{"rendered":"\t\t<div data-elementor-type=\"wp-page\" data-elementor-id=\"302\" class=\"elementor elementor-302\" data-elementor-post-type=\"page\">\n\t\t\t\t\t\t<section data-particle_enable=\"false\" data-particle-mobile-disabled=\"false\" class=\"elementor-section elementor-top-section elementor-element elementor-element-281e45a elementor-section-boxed elementor-section-height-default elementor-section-height-default\" data-id=\"281e45a\" data-element_type=\"section\" data-settings=\"{&quot;background_background&quot;:&quot;classic&quot;,&quot;ekit_has_onepagescroll_dot&quot;:&quot;yes&quot;}\">\n\t\t\t\t\t\t<div class=\"elementor-container elementor-column-gap-default\">\n\t\t\t\t\t<div class=\"elementor-column elementor-col-100 elementor-top-column elementor-element elementor-element-5a83414\" data-id=\"5a83414\" data-element_type=\"column\">\n\t\t\t<div class=\"elementor-widget-wrap elementor-element-populated\">\n\t\t\t\t\t\t<div class=\"elementor-element elementor-element-9779b64 elementor-widget elementor-widget-elementskit-breadcrumb\" data-id=\"9779b64\" data-element_type=\"widget\" data-settings=\"{&quot;ekit_we_effect_on&quot;:&quot;none&quot;}\" data-widget_type=\"elementskit-breadcrumb.default\">\n\t\t\t\t<div class=\"elementor-widget-container\">\n\t\t\t\t\t<div class=\"ekit-wid-con\" ><ol class=\"ekit-breadcrumb\"><li class=\"ekit_breadcrumbs_start\"><a href=\"https:\/\/atvport.pl\">Home<\/a><\/li><\/ol><\/div>\t\t\t\t<\/div>\n\t\t\t\t<\/div>\n\t\t\t\t\t<\/div>\n\t\t<\/div>\n\t\t\t\t\t<\/div>\n\t\t<\/section>\n\t\t\t\t<section data-particle_enable=\"false\" data-particle-mobile-disabled=\"false\" class=\"elementor-section elementor-top-section elementor-element elementor-element-b047c37 elementor-section-boxed elementor-section-height-default elementor-section-height-default\" data-id=\"b047c37\" data-element_type=\"section\" data-settings=\"{&quot;ekit_has_onepagescroll_dot&quot;:&quot;yes&quot;}\">\n\t\t\t\t\t\t<div class=\"elementor-container elementor-column-gap-default\">\n\t\t\t\t\t<div class=\"elementor-column elementor-col-100 elementor-top-column elementor-element elementor-element-332b783\" data-id=\"332b783\" data-element_type=\"column\">\n\t\t\t<div class=\"elementor-widget-wrap elementor-element-populated\">\n\t\t\t\t\t\t<div class=\"elementor-element elementor-element-cbf9f49 elementor-invisible elementor-widget elementor-widget-heading\" data-id=\"cbf9f49\" data-element_type=\"widget\" data-settings=\"{&quot;_animation&quot;:&quot;fadeInLeft&quot;,&quot;ekit_we_effect_on&quot;:&quot;none&quot;}\" data-widget_type=\"heading.default\">\n\t\t\t\t<div class=\"elementor-widget-container\">\n\t\t\t\t\t<h2 class=\"elementor-heading-title elementor-size-default\">Finansowanie Zakupu Quad\u00f3w w ATVport<\/h2>\t\t\t\t<\/div>\n\t\t\t\t<\/div>\n\t\t\t\t<div class=\"elementor-element elementor-element-33a60d9 elementor-invisible elementor-widget elementor-widget-text-editor\" data-id=\"33a60d9\" data-element_type=\"widget\" data-settings=\"{&quot;_animation&quot;:&quot;fadeInLeft&quot;,&quot;ekit_we_effect_on&quot;:&quot;none&quot;}\" data-widget_type=\"text-editor.default\">\n\t\t\t\t<div class=\"elementor-widget-container\">\n\t\t\t\t\t\t\t\t\t<p class=\"p1\">W ATVport rozumiemy, \u017ce zakup quada to wa\u017cna inwestycja. Dlatego oferujemy r\u00f3\u017cnorodne opcje finansowania, dostosowane do indywidualnych potrzeb klienta. Poni\u017cej znajdziesz informacje dotycz\u0105ce rodzaj\u00f3w finansowania i warunk\u00f3w przy zakupie quada.<\/p>\t\t\t\t\t\t\t\t<\/div>\n\t\t\t\t<\/div>\n\t\t\t\t\t<\/div>\n\t\t<\/div>\n\t\t\t\t\t<\/div>\n\t\t<\/section>\n\t\t\t\t<section data-particle_enable=\"false\" data-particle-mobile-disabled=\"false\" class=\"elementor-section elementor-top-section elementor-element elementor-element-74fd181 elementor-section-boxed elementor-section-height-default elementor-section-height-default\" data-id=\"74fd181\" data-element_type=\"section\" data-settings=\"{&quot;ekit_has_onepagescroll_dot&quot;:&quot;yes&quot;}\">\n\t\t\t\t\t\t<div class=\"elementor-container elementor-column-gap-default\">\n\t\t\t\t\t<div class=\"elementor-column elementor-col-100 elementor-top-column elementor-element elementor-element-41be7d4\" data-id=\"41be7d4\" data-element_type=\"column\">\n\t\t\t<div class=\"elementor-widget-wrap elementor-element-populated\">\n\t\t\t\t\t\t<div class=\"elementor-element elementor-element-6b7ad17 elementor-widget elementor-widget-heading\" data-id=\"6b7ad17\" data-element_type=\"widget\" data-settings=\"{&quot;ekit_we_effect_on&quot;:&quot;none&quot;}\" data-widget_type=\"heading.default\">\n\t\t\t\t<div class=\"elementor-widget-container\">\n\t\t\t\t\t<h2 class=\"elementor-heading-title elementor-size-default\">Leasing<\/h2>\t\t\t\t<\/div>\n\t\t\t\t<\/div>\n\t\t\t\t\t<\/div>\n\t\t<\/div>\n\t\t\t\t\t<\/div>\n\t\t<\/section>\n\t\t\t\t<section data-particle_enable=\"false\" data-particle-mobile-disabled=\"false\" class=\"elementor-section elementor-top-section elementor-element elementor-element-a9827ea elementor-section-boxed elementor-section-height-default elementor-section-height-default\" data-id=\"a9827ea\" data-element_type=\"section\" data-settings=\"{&quot;ekit_has_onepagescroll_dot&quot;:&quot;yes&quot;}\">\n\t\t\t\t\t\t<div class=\"elementor-container elementor-column-gap-default\">\n\t\t\t\t\t<div class=\"elementor-column elementor-col-100 elementor-top-column elementor-element elementor-element-3c74dc6\" data-id=\"3c74dc6\" data-element_type=\"column\">\n\t\t\t<div class=\"elementor-widget-wrap elementor-element-populated\">\n\t\t\t\t\t\t<div class=\"elementor-element elementor-element-3f3163d elementor-invisible elementor-widget elementor-widget-text-editor\" data-id=\"3f3163d\" data-element_type=\"widget\" data-settings=\"{&quot;_animation&quot;:&quot;fadeInLeft&quot;,&quot;ekit_we_effect_on&quot;:&quot;none&quot;}\" data-widget_type=\"text-editor.default\">\n\t\t\t\t<div class=\"elementor-widget-container\">\n\t\t\t\t\t\t\t\t\t<p class=\"p1\">Leasing quada to alternatywna forma finansowania, w kt\u00f3rej klient wynajmuje pojazd na okre\u015blony okres czasu, a nast\u0119pnie ma opcj\u0119 wykupienia go po zako\u0144czeniu umowy.<\/p><p class=\"p1\">Warunki:<\/p><p class=\"p1\">Okres leasingu dostosowany do potrzeb klienta.<\/p><p class=\"p1\">Mo\u017cliwo\u015b\u0107 wykupienia quada po zako\u0144czeniu umowy.<\/p><p class=\"p1\">Niskie op\u0142aty pocz\u0105tkowe.<\/p>\t\t\t\t\t\t\t\t<\/div>\n\t\t\t\t<\/div>\n\t\t\t\t\t<\/div>\n\t\t<\/div>\n\t\t\t\t\t<\/div>\n\t\t<\/section>\n\t\t\t\t<section data-particle_enable=\"false\" data-particle-mobile-disabled=\"false\" class=\"elementor-section elementor-top-section elementor-element elementor-element-436223b elementor-section-boxed elementor-section-height-default elementor-section-height-default\" data-id=\"436223b\" data-element_type=\"section\" data-settings=\"{&quot;ekit_has_onepagescroll_dot&quot;:&quot;yes&quot;}\">\n\t\t\t\t\t\t<div class=\"elementor-container elementor-column-gap-default\">\n\t\t\t\t\t<div class=\"elementor-column elementor-col-100 elementor-top-column elementor-element elementor-element-42c0fe6\" data-id=\"42c0fe6\" data-element_type=\"column\">\n\t\t\t<div class=\"elementor-widget-wrap elementor-element-populated\">\n\t\t\t\t\t\t<div class=\"elementor-element elementor-element-b46dfb6 elementor-widget elementor-widget-heading\" data-id=\"b46dfb6\" data-element_type=\"widget\" data-settings=\"{&quot;ekit_we_effect_on&quot;:&quot;none&quot;}\" data-widget_type=\"heading.default\">\n\t\t\t\t<div class=\"elementor-widget-container\">\n\t\t\t\t\t<h2 class=\"elementor-heading-title elementor-size-default\">Kredyt<\/h2>\t\t\t\t<\/div>\n\t\t\t\t<\/div>\n\t\t\t\t\t<\/div>\n\t\t<\/div>\n\t\t\t\t\t<\/div>\n\t\t<\/section>\n\t\t\t\t<section data-particle_enable=\"false\" data-particle-mobile-disabled=\"false\" class=\"elementor-section elementor-top-section elementor-element elementor-element-602090a elementor-section-boxed elementor-section-height-default elementor-section-height-default\" data-id=\"602090a\" data-element_type=\"section\" data-settings=\"{&quot;ekit_has_onepagescroll_dot&quot;:&quot;yes&quot;}\">\n\t\t\t\t\t\t<div class=\"elementor-container elementor-column-gap-default\">\n\t\t\t\t\t<div class=\"elementor-column elementor-col-100 elementor-top-column elementor-element elementor-element-2b20839\" data-id=\"2b20839\" data-element_type=\"column\">\n\t\t\t<div class=\"elementor-widget-wrap elementor-element-populated\">\n\t\t\t\t\t\t<div class=\"elementor-element elementor-element-d4ac593 elementor-invisible elementor-widget elementor-widget-text-editor\" data-id=\"d4ac593\" data-element_type=\"widget\" data-settings=\"{&quot;_animation&quot;:&quot;fadeInLeft&quot;,&quot;ekit_we_effect_on&quot;:&quot;none&quot;}\" data-widget_type=\"text-editor.default\">\n\t\t\t\t<div class=\"elementor-widget-container\">\n\t\t\t\t\t\t\t\t\t<p class=\"p1\">Kredyt ratalny umo\u017cliwia klientowi zakup quada, p\u0142ac\u0105c go w wygodnych, r\u00f3wnych ratach przez okre\u015blony czas.<\/p><p class=\"p1\">Warunki:<\/p><p class=\"p1\">Okres kredytowania dostosowany do preferencji klienta.<\/p><p class=\"p1\">Sta\u0142e, konkurencyjne oprocentowanie.<\/p><p class=\"p1\">Elastyczne warunki sp\u0142aty.<\/p>\t\t\t\t\t\t\t\t<\/div>\n\t\t\t\t<\/div>\n\t\t\t\t\t<\/div>\n\t\t<\/div>\n\t\t\t\t\t<\/div>\n\t\t<\/section>\n\t\t\t\t<section data-particle_enable=\"false\" data-particle-mobile-disabled=\"false\" class=\"elementor-section elementor-top-section elementor-element elementor-element-e6c8ca5 elementor-section-boxed elementor-section-height-default elementor-section-height-default\" data-id=\"e6c8ca5\" data-element_type=\"section\" data-settings=\"{&quot;ekit_has_onepagescroll_dot&quot;:&quot;yes&quot;}\">\n\t\t\t\t\t\t<div class=\"elementor-container elementor-column-gap-default\">\n\t\t\t\t\t<div class=\"elementor-column elementor-col-100 elementor-top-column elementor-element elementor-element-8bd1b97\" data-id=\"8bd1b97\" data-element_type=\"column\">\n\t\t\t<div class=\"elementor-widget-wrap elementor-element-populated\">\n\t\t\t\t\t\t<div class=\"elementor-element elementor-element-f46813e elementor-widget elementor-widget-spacer\" data-id=\"f46813e\" data-element_type=\"widget\" data-settings=\"{&quot;ekit_we_effect_on&quot;:&quot;none&quot;}\" data-widget_type=\"spacer.default\">\n\t\t\t\t<div class=\"elementor-widget-container\">\n\t\t\t\t\t\t\t<div class=\"elementor-spacer\">\n\t\t\t<div class=\"elementor-spacer-inner\"><\/div>\n\t\t<\/div>\n\t\t\t\t\t\t<\/div>\n\t\t\t\t<\/div>\n\t\t\t\t\t<\/div>\n\t\t<\/div>\n\t\t\t\t\t<\/div>\n\t\t<\/section>\n\t\t\t\t<section data-particle_enable=\"false\" data-particle-mobile-disabled=\"false\" class=\"elementor-section elementor-top-section elementor-element elementor-element-40e1aa2 elementor-section-boxed elementor-section-height-default elementor-section-height-default\" data-id=\"40e1aa2\" data-element_type=\"section\" data-settings=\"{&quot;ekit_has_onepagescroll_dot&quot;:&quot;yes&quot;}\">\n\t\t\t\t\t\t<div class=\"elementor-container elementor-column-gap-default\">\n\t\t\t\t\t<div class=\"elementor-column elementor-col-100 elementor-top-column elementor-element elementor-element-def93fc\" data-id=\"def93fc\" data-element_type=\"column\">\n\t\t\t<div class=\"elementor-widget-wrap elementor-element-populated\">\n\t\t\t\t\t\t<div class=\"elementor-element elementor-element-75d94e7 elementor-widget elementor-widget-text-editor\" data-id=\"75d94e7\" data-element_type=\"widget\" data-settings=\"{&quot;ekit_we_effect_on&quot;:&quot;none&quot;}\" data-widget_type=\"text-editor.default\">\n\t\t\t\t<div class=\"elementor-widget-container\">\n\t\t\t\t\t\t\t\t\t<p class=\"p1\" style=\"text-align: center;\"><em><span style=\"color: #000000;\"><strong>Warunki Og\u00f3lne:<\/strong><\/span><\/em><\/p><p class=\"p1\" style=\"text-align: center;\"><em><span style=\"color: #000000;\"><strong>Dokumenty wymagane: <\/strong><\/span><\/em><br \/><em><span style=\"color: #000000;\"><strong>W zale\u017cno\u015bci od wybranego rodzaju finansowania, mog\u0105 by\u0107 wymagane r\u00f3\u017cne dokumenty, takie jak dow\u00f3d to\u017csamo\u015bci, za\u015bwiadczenie o dochodach itp.<\/strong><\/span><\/em><\/p><p class=\"p1\" style=\"text-align: center;\"><em><span style=\"color: #000000;\"><strong>Akceptacja kredytowa: <\/strong><\/span><\/em><br \/><em><span style=\"color: #000000;\"><strong>W przypadku niekt\u00f3rych opcji finansowania mo\u017ce by\u0107 wymagana ocena zdolno\u015bci kredytowej klienta.<\/strong><\/span><\/em><\/p><p class=\"p1\" style=\"text-align: center;\"><em><span style=\"color: #000000;\"><strong>Promocje i rabaty: <\/strong><\/span><\/em><br \/><em><span style=\"color: #000000;\"><strong>Okresowe promocje oraz rabaty mog\u0105 by\u0107 dost\u0119pne w zale\u017cno\u015bci od dost\u0119pnych ofert.<\/strong><\/span><\/em><\/p><p class=\"p1\" style=\"text-align: center;\"><em><span style=\"color: #000000;\"><strong>Przy zakupie quada w ATVport staramy si\u0119 dostosowa\u0107 warunki finansowania do indywidualnych potrzeb ka\u017cdego klienta. Nasz zesp\u00f3\u0142 finansowy s\u0142u\u017cy pomoc\u0105 i udzieli wszelkich informacji, aby u\u0142atwi\u0107 proces zakupu. Skontaktuj si\u0119 z nami, aby uzyska\u0107 szczeg\u00f3\u0142owe informacje i skonsultowa\u0107 si\u0119 w sprawie finansowania Twojego nowego quada!<\/strong><\/span><\/em><\/p>\t\t\t\t\t\t\t\t<\/div>\n\t\t\t\t<\/div>\n\t\t\t\t\t<\/div>\n\t\t<\/div>\n\t\t\t\t\t<\/div>\n\t\t<\/section>\n\t\t\t\t<section data-particle_enable=\"false\" data-particle-mobile-disabled=\"false\" class=\"elementor-section elementor-top-section elementor-element elementor-element-e400105 elementor-section-boxed elementor-section-height-default elementor-section-height-default\" data-id=\"e400105\" data-element_type=\"section\" data-settings=\"{&quot;ekit_has_onepagescroll_dot&quot;:&quot;yes&quot;}\">\n\t\t\t\t\t\t<div class=\"elementor-container elementor-column-gap-default\">\n\t\t\t\t\t<div class=\"elementor-column elementor-col-100 elementor-top-column elementor-element elementor-element-3c0dc4e\" data-id=\"3c0dc4e\" data-element_type=\"column\">\n\t\t\t<div class=\"elementor-widget-wrap elementor-element-populated\">\n\t\t\t\t\t\t<div class=\"elementor-element elementor-element-2708c18 elementor-widget elementor-widget-spacer\" data-id=\"2708c18\" data-element_type=\"widget\" data-settings=\"{&quot;ekit_we_effect_on&quot;:&quot;none&quot;}\" data-widget_type=\"spacer.default\">\n\t\t\t\t<div class=\"elementor-widget-container\">\n\t\t\t\t\t\t\t<div class=\"elementor-spacer\">\n\t\t\t<div class=\"elementor-spacer-inner\"><\/div>\n\t\t<\/div>\n\t\t\t\t\t\t<\/div>\n\t\t\t\t<\/div>\n\t\t\t\t\t<\/div>\n\t\t<\/div>\n\t\t\t\t\t<\/div>\n\t\t<\/section>\n\t\t\t\t<\/div>\n\t\t","protected":false},"excerpt":{"rendered":"<p>Home Finansowanie Zakupu Quad\u00f3w w ATVport W ATVport rozumiemy, \u017ce zakup quada to wa\u017cna inwestycja. Dlatego oferujemy r\u00f3\u017cnorodne opcje finansowania, dostosowane do indywidualnych potrzeb klienta. Poni\u017cej znajdziesz informacje dotycz\u0105ce rodzaj\u00f3w finansowania i warunk\u00f3w przy zakupie quada. Leasing Leasing quada to alternatywna forma finansowania, w kt\u00f3rej klient wynajmuje pojazd na okre\u015blony okres czasu, a nast\u0119pnie ma [&hellip;]<\/p>\n","protected":false},"author":1,"featured_media":0,"parent":0,"menu_order":0,"comment_status":"closed","ping_status":"closed","template":"elementor_header_footer","meta":{"footnotes":""},"class_list":["post-302","page","type-page","status-publish","hentry"],"_links":{"self":[{"href":"https:\/\/atvport.pl\/index.php\/wp-json\/wp\/v2\/pages\/302","targetHints":{"allow":["GET"]}}],"collection":[{"href":"https:\/\/atvport.pl\/index.php\/wp-json\/wp\/v2\/pages"}],"about":[{"href":"https:\/\/atvport.pl\/index.php\/wp-json\/wp\/v2\/types\/page"}],"author":[{"embeddable":true,"href":"https:\/\/atvport.pl\/index.php\/wp-json\/wp\/v2\/users\/1"}],"replies":[{"embeddable":true,"href":"https:\/\/atvport.pl\/index.php\/wp-json\/wp\/v2\/comments?post=302"}],"version-history":[{"count":16,"href":"https:\/\/atvport.pl\/index.php\/wp-json\/wp\/v2\/pages\/302\/revisions"}],"predecessor-version":[{"id":627,"href":"https:\/\/atvport.pl\/index.php\/wp-json\/wp\/v2\/pages\/302\/revisions\/627"}],"wp:attachment":[{"href":"https:\/\/atvport.pl\/index.php\/wp-json\/wp\/v2\/media?parent=302"}],"curies":[{"name":"wp","href":"https:\/\/api.w.org\/{rel}","templated":true}]}}