{"id":335,"date":"2023-12-07T15:33:11","date_gmt":"2023-12-07T14:33:11","guid":{"rendered":"https:\/\/atvport.pl\/?page_id=335"},"modified":"2023-12-07T16:56:39","modified_gmt":"2023-12-07T15:56:39","slug":"faq","status":"publish","type":"page","link":"https:\/\/atvport.pl\/index.php\/faq\/","title":{"rendered":"Faq"},"content":{"rendered":"\t\t<div data-elementor-type=\"wp-page\" data-elementor-id=\"335\" class=\"elementor elementor-335\" data-elementor-post-type=\"page\">\n\t\t\t\t\t\t<section data-particle_enable=\"false\" data-particle-mobile-disabled=\"false\" class=\"elementor-section elementor-top-section elementor-element elementor-element-7071b28 elementor-section-boxed elementor-section-height-default elementor-section-height-default\" data-id=\"7071b28\" data-element_type=\"section\" data-settings=\"{&quot;background_background&quot;:&quot;classic&quot;,&quot;ekit_has_onepagescroll_dot&quot;:&quot;yes&quot;}\">\n\t\t\t\t\t\t<div class=\"elementor-container elementor-column-gap-default\">\n\t\t\t\t\t<div class=\"elementor-column elementor-col-100 elementor-top-column elementor-element elementor-element-a3be2f7\" data-id=\"a3be2f7\" data-element_type=\"column\">\n\t\t\t<div class=\"elementor-widget-wrap elementor-element-populated\">\n\t\t\t\t\t\t<div class=\"elementor-element elementor-element-fe939d7 elementor-widget elementor-widget-elementskit-breadcrumb\" data-id=\"fe939d7\" data-element_type=\"widget\" data-settings=\"{&quot;ekit_we_effect_on&quot;:&quot;none&quot;}\" data-widget_type=\"elementskit-breadcrumb.default\">\n\t\t\t\t<div class=\"elementor-widget-container\">\n\t\t\t\t\t<div class=\"ekit-wid-con\" ><ol class=\"ekit-breadcrumb\"><li class=\"ekit_breadcrumbs_start\"><a href=\"https:\/\/atvport.pl\">Home<\/a><\/li><\/ol><\/div>\t\t\t\t<\/div>\n\t\t\t\t<\/div>\n\t\t\t\t\t<\/div>\n\t\t<\/div>\n\t\t\t\t\t<\/div>\n\t\t<\/section>\n\t\t\t\t<section data-particle_enable=\"false\" data-particle-mobile-disabled=\"false\" class=\"elementor-section elementor-top-section elementor-element elementor-element-56cd7eb elementor-section-boxed elementor-section-height-default elementor-section-height-default\" data-id=\"56cd7eb\" data-element_type=\"section\" data-settings=\"{&quot;ekit_has_onepagescroll_dot&quot;:&quot;yes&quot;}\">\n\t\t\t\t\t\t<div class=\"elementor-container elementor-column-gap-default\">\n\t\t\t\t\t<div class=\"elementor-column elementor-col-100 elementor-top-column elementor-element elementor-element-886fd91\" data-id=\"886fd91\" data-element_type=\"column\">\n\t\t\t<div class=\"elementor-widget-wrap elementor-element-populated\">\n\t\t\t\t\t\t<div class=\"elementor-element elementor-element-87e2f4b elementor-widget elementor-widget-heading\" data-id=\"87e2f4b\" data-element_type=\"widget\" data-settings=\"{&quot;ekit_we_effect_on&quot;:&quot;none&quot;}\" data-widget_type=\"heading.default\">\n\t\t\t\t<div class=\"elementor-widget-container\">\n\t\t\t\t\t<h2 class=\"elementor-heading-title elementor-size-default\">Faq<\/h2>\t\t\t\t<\/div>\n\t\t\t\t<\/div>\n\t\t\t\t\t<\/div>\n\t\t<\/div>\n\t\t\t\t\t<\/div>\n\t\t<\/section>\n\t\t\t\t<section data-particle_enable=\"false\" data-particle-mobile-disabled=\"false\" class=\"elementor-section elementor-top-section elementor-element elementor-element-7678d13 elementor-section-boxed elementor-section-height-default elementor-section-height-default\" data-id=\"7678d13\" data-element_type=\"section\" data-settings=\"{&quot;ekit_has_onepagescroll_dot&quot;:&quot;yes&quot;}\">\n\t\t\t\t\t\t<div class=\"elementor-container elementor-column-gap-default\">\n\t\t\t\t\t<div class=\"elementor-column elementor-col-100 elementor-top-column elementor-element elementor-element-0602783\" data-id=\"0602783\" data-element_type=\"column\">\n\t\t\t<div class=\"elementor-widget-wrap elementor-element-populated\">\n\t\t\t\t\t\t<div class=\"elementor-element elementor-element-aa2265b elementor-widget elementor-widget-elementskit-accordion\" data-id=\"aa2265b\" data-element_type=\"widget\" data-settings=\"{&quot;ekit_we_effect_on&quot;:&quot;none&quot;}\" data-widget_type=\"elementskit-accordion.default\">\n\t\t\t\t<div class=\"elementor-widget-container\">\n\t\t\t\t\t<div class=\"ekit-wid-con\" >\n        <div class=\"elementskit-accordion accoedion-primary\" id=\"accordion-69d4e99315126\">\n\n            \n                <div class=\"elementskit-card active\">\n                    <div class=\"elementskit-card-header\" id=\"primaryHeading-0-aa2265b\">\n                        <a href=\"#collapse-4de069f69d4e99315126\" class=\"ekit-accordion--toggler elementskit-btn-link collapsed\" data-ekit-toggle=\"collapse\" data-target=\"#Collapse-4de069f69d4e99315126\" aria-expanded=\"true\" aria-controls=\"Collapse-4de069f69d4e99315126\">\n                            \n                            <span class=\"ekit-accordion-title\">Jakie marki skutery wodne oferujecie w waszej wypo\u017cyczalni? <\/span>\n\n                            \n                                <div class=\"ekit_accordion_icon_group\">\n                                    <div class=\"ekit_accordion_normal_icon\">\n                                        <!-- Normal Icon -->\n\t\t\t\t\t\t\t\t\t\t<i class=\"icon icon-down-arrow1\"><\/i>                                    <\/div>\n\n                                    <div class=\"ekit_accordion_active_icon\">\n                                        <!-- Active Icon -->\n\t\t\t\t\t\t\t\t\t\t<i class=\"icon icon-up-arrow\"><\/i>                                    <\/div>\n                                <\/div>\n\n                            \n                                                    <\/a>\n                    <\/div>\n\n                    <div id=\"Collapse-4de069f69d4e99315126\" class=\" show collapse\" aria-labelledby=\"primaryHeading-0-aa2265b\" data-parent=\"#accordion-69d4e99315126\">\n\n                        <div class=\"elementskit-card-body ekit-accordion--content\">\n                            <p>W naszej wypo\u017cyczalni oferujemy najnowsze modele firmy Sea Doo takie jak Spark, Trixx, Gti, Wake; a tak\u017ce holowanie na kole i kanapie!<\/p>                        <\/div>\n\n                    <\/div>\n\n                <\/div><!-- .elementskit-card END -->\n\n                \n                <div class=\"elementskit-card \">\n                    <div class=\"elementskit-card-header\" id=\"primaryHeading-1-aa2265b\">\n                        <a href=\"#collapse-c66af8d69d4e99315126\" class=\"ekit-accordion--toggler elementskit-btn-link collapsed\" data-ekit-toggle=\"collapse\" data-target=\"#Collapse-c66af8d69d4e99315126\" aria-expanded=\"false\" aria-controls=\"Collapse-c66af8d69d4e99315126\">\n                            \n                            <span class=\"ekit-accordion-title\">Czy mog\u0119 dokona\u0107 rezerwacji online?<\/span>\n\n                            \n                                <div class=\"ekit_accordion_icon_group\">\n                                    <div class=\"ekit_accordion_normal_icon\">\n                                        <!-- Normal Icon -->\n\t\t\t\t\t\t\t\t\t\t<i class=\"icon icon-down-arrow1\"><\/i>                                    <\/div>\n\n                                    <div class=\"ekit_accordion_active_icon\">\n                                        <!-- Active Icon -->\n\t\t\t\t\t\t\t\t\t\t<i class=\"icon icon-up-arrow\"><\/i>                                    <\/div>\n                                <\/div>\n\n                            \n                                                    <\/a>\n                    <\/div>\n\n                    <div id=\"Collapse-c66af8d69d4e99315126\" class=\" collapse\" aria-labelledby=\"primaryHeading-1-aa2265b\" data-parent=\"#accordion-69d4e99315126\">\n\n                        <div class=\"elementskit-card-body ekit-accordion--content\">\n                            <p>Tak, oferujemy mo\u017cliwo\u015b\u0107 rezerwacji online. Zapraszamy do zapoznania si\u0119 z wolnymi terminami w zak\u0142adce REZEWACJA.<\/p>                        <\/div>\n\n                    <\/div>\n\n                <\/div><!-- .elementskit-card END -->\n\n                \n                <div class=\"elementskit-card \">\n                    <div class=\"elementskit-card-header\" id=\"primaryHeading-2-aa2265b\">\n                        <a href=\"#collapse-15ebaef69d4e99315126\" class=\"ekit-accordion--toggler elementskit-btn-link collapsed\" data-ekit-toggle=\"collapse\" data-target=\"#Collapse-15ebaef69d4e99315126\" aria-expanded=\"false\" aria-controls=\"Collapse-15ebaef69d4e99315126\">\n                            \n                            <span class=\"ekit-accordion-title\">Gdzie znajduje si\u0119 wasza wypo\u017cyczalnia?<\/span>\n\n                            \n                                <div class=\"ekit_accordion_icon_group\">\n                                    <div class=\"ekit_accordion_normal_icon\">\n                                        <!-- Normal Icon -->\n\t\t\t\t\t\t\t\t\t\t<i class=\"icon icon-down-arrow1\"><\/i>                                    <\/div>\n\n                                    <div class=\"ekit_accordion_active_icon\">\n                                        <!-- Active Icon -->\n\t\t\t\t\t\t\t\t\t\t<i class=\"icon icon-up-arrow\"><\/i>                                    <\/div>\n                                <\/div>\n\n                            \n                                                    <\/a>\n                    <\/div>\n\n                    <div id=\"Collapse-15ebaef69d4e99315126\" class=\" collapse\" aria-labelledby=\"primaryHeading-2-aa2265b\" data-parent=\"#accordion-69d4e99315126\">\n\n                        <div class=\"elementskit-card-body ekit-accordion--content\">\n                            <p>Nasza wypo\u017cyczalnia znajduje si\u0119 nad Zalewem Sulejowskim<br \/>Le\u015bna 14<br \/>97-213 Swolszewice Ma\u0142e<br \/>Zapraszamy do odwiedzenia Nas!<\/p>                        <\/div>\n\n                    <\/div>\n\n                <\/div><!-- .elementskit-card END -->\n\n                \n                <div class=\"elementskit-card \">\n                    <div class=\"elementskit-card-header\" id=\"primaryHeading-3-aa2265b\">\n                        <a href=\"#collapse-fe8484569d4e99315126\" class=\"ekit-accordion--toggler elementskit-btn-link collapsed\" data-ekit-toggle=\"collapse\" data-target=\"#Collapse-fe8484569d4e99315126\" aria-expanded=\"false\" aria-controls=\"Collapse-fe8484569d4e99315126\">\n                            \n                            <span class=\"ekit-accordion-title\">Czy musz\u0119 umawia\u0107 si\u0119 na wypo\u017cyczenie skutera lub holowanie na kole wcze\u015bniej? <\/span>\n\n                            \n                                <div class=\"ekit_accordion_icon_group\">\n                                    <div class=\"ekit_accordion_normal_icon\">\n                                        <!-- Normal Icon -->\n\t\t\t\t\t\t\t\t\t\t<i class=\"icon icon-down-arrow1\"><\/i>                                    <\/div>\n\n                                    <div class=\"ekit_accordion_active_icon\">\n                                        <!-- Active Icon -->\n\t\t\t\t\t\t\t\t\t\t<i class=\"icon icon-up-arrow\"><\/i>                                    <\/div>\n                                <\/div>\n\n                            \n                                                    <\/a>\n                    <\/div>\n\n                    <div id=\"Collapse-fe8484569d4e99315126\" class=\" collapse\" aria-labelledby=\"primaryHeading-3-aa2265b\" data-parent=\"#accordion-69d4e99315126\">\n\n                        <div class=\"elementskit-card-body ekit-accordion--content\">\n                            <p>Nie jest to konieczne, ale zalecamy aby zarezerwowa\u0107 termin, gdy\u017c tylko w tej sytuacji jeste\u015bmy w stanie zagwarantowa\u0107 Wam wolny termin.<\/p>                        <\/div>\n\n                    <\/div>\n\n                <\/div><!-- .elementskit-card END -->\n\n                \n                <div class=\"elementskit-card \">\n                    <div class=\"elementskit-card-header\" id=\"primaryHeading-4-aa2265b\">\n                        <a href=\"#collapse-095ff9c69d4e99315126\" class=\"ekit-accordion--toggler elementskit-btn-link collapsed\" data-ekit-toggle=\"collapse\" data-target=\"#Collapse-095ff9c69d4e99315126\" aria-expanded=\"false\" aria-controls=\"Collapse-095ff9c69d4e99315126\">\n                            \n                            <span class=\"ekit-accordion-title\">Czy macie parking dla klient\u00f3w?<\/span>\n\n                            \n                                <div class=\"ekit_accordion_icon_group\">\n                                    <div class=\"ekit_accordion_normal_icon\">\n                                        <!-- Normal Icon -->\n\t\t\t\t\t\t\t\t\t\t<i class=\"icon icon-down-arrow1\"><\/i>                                    <\/div>\n\n                                    <div class=\"ekit_accordion_active_icon\">\n                                        <!-- Active Icon -->\n\t\t\t\t\t\t\t\t\t\t<i class=\"icon icon-up-arrow\"><\/i>                                    <\/div>\n                                <\/div>\n\n                            \n                                                    <\/a>\n                    <\/div>\n\n                    <div id=\"Collapse-095ff9c69d4e99315126\" class=\" collapse\" aria-labelledby=\"primaryHeading-4-aa2265b\" data-parent=\"#accordion-69d4e99315126\">\n\n                        <div class=\"elementskit-card-body ekit-accordion--content\">\n                            <p>Tak, posiadamy wygodny parking dla naszych klient\u00f3w bezpo\u015brednio przy brzegu Zalewu Sulejowskiego (popularne Betony \u2013 Stara Wie\u015b \ud83d\ude09)<\/p>                        <\/div>\n\n                    <\/div>\n\n                <\/div><!-- .elementskit-card END -->\n\n                \n                <div class=\"elementskit-card \">\n                    <div class=\"elementskit-card-header\" id=\"primaryHeading-5-aa2265b\">\n                        <a href=\"#collapse-ca1238769d4e99315126\" class=\"ekit-accordion--toggler elementskit-btn-link collapsed\" data-ekit-toggle=\"collapse\" data-target=\"#Collapse-ca1238769d4e99315126\" aria-expanded=\"false\" aria-controls=\"Collapse-ca1238769d4e99315126\">\n                            \n                            <span class=\"ekit-accordion-title\">Jakie dokumenty s\u0105 wymagane do wypo\u017cyczenia skutera wodnego? <\/span>\n\n                            \n                                <div class=\"ekit_accordion_icon_group\">\n                                    <div class=\"ekit_accordion_normal_icon\">\n                                        <!-- Normal Icon -->\n\t\t\t\t\t\t\t\t\t\t<i class=\"icon icon-down-arrow1\"><\/i>                                    <\/div>\n\n                                    <div class=\"ekit_accordion_active_icon\">\n                                        <!-- Active Icon -->\n\t\t\t\t\t\t\t\t\t\t<i class=\"icon icon-up-arrow\"><\/i>                                    <\/div>\n                                <\/div>\n\n                            \n                                                    <\/a>\n                    <\/div>\n\n                    <div id=\"Collapse-ca1238769d4e99315126\" class=\" collapse\" aria-labelledby=\"primaryHeading-5-aa2265b\" data-parent=\"#accordion-69d4e99315126\">\n\n                        <div class=\"elementskit-card-body ekit-accordion--content\">\n                            <p>W celu wypo\u017cyczenia skutera wodnego konieczne jest okazanie dowodu osobistego w celu sporz\u0105dzenia umowy.<\/p>                        <\/div>\n\n                    <\/div>\n\n                <\/div><!-- .elementskit-card END -->\n\n                \n                <div class=\"elementskit-card \">\n                    <div class=\"elementskit-card-header\" id=\"primaryHeading-6-aa2265b\">\n                        <a href=\"#collapse-525535269d4e99315126\" class=\"ekit-accordion--toggler elementskit-btn-link collapsed\" data-ekit-toggle=\"collapse\" data-target=\"#Collapse-525535269d4e99315126\" aria-expanded=\"false\" aria-controls=\"Collapse-525535269d4e99315126\">\n                            \n                            <span class=\"ekit-accordion-title\">Czy dostan\u0119 u Was kamizelk\u0119 asekuracyjn\u0105 do p\u0142ywania? <\/span>\n\n                            \n                                <div class=\"ekit_accordion_icon_group\">\n                                    <div class=\"ekit_accordion_normal_icon\">\n                                        <!-- Normal Icon -->\n\t\t\t\t\t\t\t\t\t\t<i class=\"icon icon-down-arrow1\"><\/i>                                    <\/div>\n\n                                    <div class=\"ekit_accordion_active_icon\">\n                                        <!-- Active Icon -->\n\t\t\t\t\t\t\t\t\t\t<i class=\"icon icon-up-arrow\"><\/i>                                    <\/div>\n                                <\/div>\n\n                            \n                                                    <\/a>\n                    <\/div>\n\n                    <div id=\"Collapse-525535269d4e99315126\" class=\" collapse\" aria-labelledby=\"primaryHeading-6-aa2265b\" data-parent=\"#accordion-69d4e99315126\">\n\n                        <div class=\"elementskit-card-body ekit-accordion--content\">\n                            <p>Oczywi\u015bcie! Bezpiecze\u0144stwo jest dla Nas na pierwszym miejscu. Zapewniamy kamizelki asekuracyjne i ratunkowe w ka\u017cdym rozmiarze, a tak\u017ce kaski dla najm\u0142odszych.<\/p>                        <\/div>\n\n                    <\/div>\n\n                <\/div><!-- .elementskit-card END -->\n\n                \n                <div class=\"elementskit-card \">\n                    <div class=\"elementskit-card-header\" id=\"primaryHeading-7-aa2265b\">\n                        <a href=\"#collapse-2e2797669d4e99315126\" class=\"ekit-accordion--toggler elementskit-btn-link collapsed\" data-ekit-toggle=\"collapse\" data-target=\"#Collapse-2e2797669d4e99315126\" aria-expanded=\"false\" aria-controls=\"Collapse-2e2797669d4e99315126\">\n                            \n                            <span class=\"ekit-accordion-title\">Jak mog\u0119 skontaktowa\u0107 si\u0119 z dzia\u0142em obs\u0142ugi klienta ATVport?<\/span>\n\n                            \n                                <div class=\"ekit_accordion_icon_group\">\n                                    <div class=\"ekit_accordion_normal_icon\">\n                                        <!-- Normal Icon -->\n\t\t\t\t\t\t\t\t\t\t<i class=\"icon icon-down-arrow1\"><\/i>                                    <\/div>\n\n                                    <div class=\"ekit_accordion_active_icon\">\n                                        <!-- Active Icon -->\n\t\t\t\t\t\t\t\t\t\t<i class=\"icon icon-up-arrow\"><\/i>                                    <\/div>\n                                <\/div>\n\n                            \n                                                    <\/a>\n                    <\/div>\n\n                    <div id=\"Collapse-2e2797669d4e99315126\" class=\" collapse\" aria-labelledby=\"primaryHeading-7-aa2265b\" data-parent=\"#accordion-69d4e99315126\">\n\n                        <div class=\"elementskit-card-body ekit-accordion--content\">\n                            <p>Mo\u017cesz skontaktowa\u0107 si\u0119 z nami telefonicznie pod numerem 500-222-613 lub drog\u0105 mailow\u0105 pod adresem atvport.tm@gmail.com. Jeste\u015bmy dost\u0119pni, aby odpowiedzie\u0107 na wszelkie pytania.<\/p>                        <\/div>\n\n                    <\/div>\n\n                <\/div><!-- .elementskit-card END -->\n\n                \n                <div class=\"elementskit-card \">\n                    <div class=\"elementskit-card-header\" id=\"primaryHeading-8-aa2265b\">\n                        <a href=\"#collapse-37ae72969d4e99315126\" class=\"ekit-accordion--toggler elementskit-btn-link collapsed\" data-ekit-toggle=\"collapse\" data-target=\"#Collapse-37ae72969d4e99315126\" aria-expanded=\"false\" aria-controls=\"Collapse-37ae72969d4e99315126\">\n                            \n                            <span class=\"ekit-accordion-title\">Czy organizujecie wydarzenia lub wyjazdy dla klient\u00f3w?<\/span>\n\n                            \n                                <div class=\"ekit_accordion_icon_group\">\n                                    <div class=\"ekit_accordion_normal_icon\">\n                                        <!-- Normal Icon -->\n\t\t\t\t\t\t\t\t\t\t<i class=\"icon icon-down-arrow1\"><\/i>                                    <\/div>\n\n                                    <div class=\"ekit_accordion_active_icon\">\n                                        <!-- Active Icon -->\n\t\t\t\t\t\t\t\t\t\t<i class=\"icon icon-up-arrow\"><\/i>                                    <\/div>\n                                <\/div>\n\n                            \n                                                    <\/a>\n                    <\/div>\n\n                    <div id=\"Collapse-37ae72969d4e99315126\" class=\" collapse\" aria-labelledby=\"primaryHeading-8-aa2265b\" data-parent=\"#accordion-69d4e99315126\">\n\n                        <div class=\"elementskit-card-body ekit-accordion--content\">\n                            <p>Tak, organizujemy r\u00f3\u017cne wydarzenia, a tak\u017ce pomo\u017cemy zorganizowa\u0107 imprezy okoliczno\u015bciowe takie jak urodziny wiecz\u00f3r kawalerski, panie\u0144ski i inne. Je\u015bli masz pomys\u0142 na inn\u0105 okazj\u0119 zapraszamy do kontaktu, na pewno co\u015b wymy\u015blimy \ud83d\ude09<br \/>\u015aled\u017a nasz\u0105 stron\u0119 internetow\u0105 lub skontaktuj si\u0119 z nami, aby dowiedzie\u0107 si\u0119 o planowanych akcjach.<\/p>                        <\/div>\n\n                    <\/div>\n\n                <\/div><!-- .elementskit-card END -->\n\n                                        <\/div>\n    <\/div>\t\t\t\t<\/div>\n\t\t\t\t<\/div>\n\t\t\t\t\t<\/div>\n\t\t<\/div>\n\t\t\t\t\t<\/div>\n\t\t<\/section>\n\t\t\t\t<section data-particle_enable=\"false\" data-particle-mobile-disabled=\"false\" class=\"elementor-section elementor-top-section elementor-element elementor-element-0988f15 elementor-section-full_width elementor-section-height-default elementor-section-height-default\" data-id=\"0988f15\" data-element_type=\"section\" data-settings=\"{&quot;ekit_has_onepagescroll_dot&quot;:&quot;yes&quot;}\">\n\t\t\t\t\t\t<div class=\"elementor-container elementor-column-gap-default\">\n\t\t\t\t\t<div class=\"elementor-column elementor-col-100 elementor-top-column elementor-element elementor-element-58d3938\" data-id=\"58d3938\" data-element_type=\"column\">\n\t\t\t<div class=\"elementor-widget-wrap elementor-element-populated\">\n\t\t\t\t\t\t<div class=\"elementor-element elementor-element-e7521f6 elementor-widget elementor-widget-google_maps\" data-id=\"e7521f6\" data-element_type=\"widget\" data-settings=\"{&quot;ekit_we_effect_on&quot;:&quot;none&quot;}\" data-widget_type=\"google_maps.default\">\n\t\t\t\t<div class=\"elementor-widget-container\">\n\t\t\t\t\t\t\t<div class=\"elementor-custom-embed\">\n\t\t\t<iframe loading=\"lazy\"\n\t\t\t\t\tsrc=\"https:\/\/maps.google.com\/maps?q=Le%C5%9Bna%2014%2097-%20213%20Swolszewice%20Ma%C5%82e%20&#038;t=m&#038;z=10&#038;output=embed&#038;iwloc=near\"\n\t\t\t\t\ttitle=\"Le\u015bna 14 97- 213 Swolszewice Ma\u0142e \"\n\t\t\t\t\taria-label=\"Le\u015bna 14 97- 213 Swolszewice Ma\u0142e \"\n\t\t\t><\/iframe>\n\t\t<\/div>\n\t\t\t\t\t\t<\/div>\n\t\t\t\t<\/div>\n\t\t\t\t\t<\/div>\n\t\t<\/div>\n\t\t\t\t\t<\/div>\n\t\t<\/section>\n\t\t\t\t<\/div>\n\t\t","protected":false},"excerpt":{"rendered":"<p>Home Faq Jakie marki skutery wodne oferujecie w waszej wypo\u017cyczalni? W naszej wypo\u017cyczalni oferujemy najnowsze modele firmy Sea Doo takie jak Spark, Trixx, Gti, Wake; a tak\u017ce holowanie na kole i kanapie! Czy mog\u0119 dokona\u0107 rezerwacji online? Tak, oferujemy mo\u017cliwo\u015b\u0107 rezerwacji online. Zapraszamy do zapoznania si\u0119 z wolnymi terminami w zak\u0142adce REZEWACJA. Gdzie znajduje si\u0119 [&hellip;]<\/p>\n","protected":false},"author":1,"featured_media":0,"parent":0,"menu_order":0,"comment_status":"closed","ping_status":"closed","template":"elementor_header_footer","meta":{"footnotes":""},"class_list":["post-335","page","type-page","status-publish","hentry"],"_links":{"self":[{"href":"https:\/\/atvport.pl\/index.php\/wp-json\/wp\/v2\/pages\/335","targetHints":{"allow":["GET"]}}],"collection":[{"href":"https:\/\/atvport.pl\/index.php\/wp-json\/wp\/v2\/pages"}],"about":[{"href":"https:\/\/atvport.pl\/index.php\/wp-json\/wp\/v2\/types\/page"}],"author":[{"embeddable":true,"href":"https:\/\/atvport.pl\/index.php\/wp-json\/wp\/v2\/users\/1"}],"replies":[{"embeddable":true,"href":"https:\/\/atvport.pl\/index.php\/wp-json\/wp\/v2\/comments?post=335"}],"version-history":[{"count":7,"href":"https:\/\/atvport.pl\/index.php\/wp-json\/wp\/v2\/pages\/335\/revisions"}],"predecessor-version":[{"id":421,"href":"https:\/\/atvport.pl\/index.php\/wp-json\/wp\/v2\/pages\/335\/revisions\/421"}],"wp:attachment":[{"href":"https:\/\/atvport.pl\/index.php\/wp-json\/wp\/v2\/media?parent=335"}],"curies":[{"name":"wp","href":"https:\/\/api.w.org\/{rel}","templated":true}]}}